{"id":28,"date":"2023-01-02T21:53:31","date_gmt":"2023-01-02T21:53:31","guid":{"rendered":"https:\/\/apogej.tech\/?page_id=28"},"modified":"2024-09-16T10:05:20","modified_gmt":"2024-09-16T10:05:20","slug":"tehnicna-oprema-stavb","status":"publish","type":"page","link":"https:\/\/apogej.tech\/index.php\/tehnicna-oprema-stavb\/","title":{"rendered":"Tehni\u010dna oprema stavb"},"content":{"rendered":"<p>Videonadzor &#8211;\u00a0<span style=\"font-size: 1rem;\">AXIS,<\/span><span style=\"font-size: 1rem;\">\u00a0<\/span><span style=\"font-size: 1rem;\">Dahua, Hikvision, Geutebr\u00fcck<\/span><\/p>\n<p>Alarmni sistemi &#8211; Hikvision, DSC<\/p>\n<p>Protipo\u017earna za\u0161\u010dita &#8211; Siemens<\/p>\n<p>Avtomatizacija stavb &#8211; HVAC, SCAD, CNS, Beckhoff, Schneider<\/p>\n","protected":false},"excerpt":{"rendered":"<p>Videonadzor &#8211;\u00a0AXIS,\u00a0Dahua, Hikvision, Geutebr\u00fcck Alarmni sistemi &#8211; Hikvision, DSC Protipo\u017earna za\u0161\u010dita &#8211; Siemens Avtomatizacija stavb &#8211; HVAC, SCAD, CNS, Beckhoff, Schneider<\/p>\n","protected":false},"author":1,"featured_media":32,"parent":0,"menu_order":0,"comment_status":"closed","ping_status":"closed","template":"","meta":{"footnotes":""},"class_list":["post-28","page","type-page","status-publish","has-post-thumbnail","hentry"],"jetpack_sharing_enabled":true,"_links":{"self":[{"href":"https:\/\/apogej.tech\/index.php\/wp-json\/wp\/v2\/pages\/28","targetHints":{"allow":["GET"]}}],"collection":[{"href":"https:\/\/apogej.tech\/index.php\/wp-json\/wp\/v2\/pages"}],"about":[{"href":"https:\/\/apogej.tech\/index.php\/wp-json\/wp\/v2\/types\/page"}],"author":[{"embeddable":true,"href":"https:\/\/apogej.tech\/index.php\/wp-json\/wp\/v2\/users\/1"}],"replies":[{"embeddable":true,"href":"https:\/\/apogej.tech\/index.php\/wp-json\/wp\/v2\/comments?post=28"}],"version-history":[{"count":5,"href":"https:\/\/apogej.tech\/index.php\/wp-json\/wp\/v2\/pages\/28\/revisions"}],"predecessor-version":[{"id":48,"href":"https:\/\/apogej.tech\/index.php\/wp-json\/wp\/v2\/pages\/28\/revisions\/48"}],"wp:featuredmedia":[{"embeddable":true,"href":"https:\/\/apogej.tech\/index.php\/wp-json\/wp\/v2\/media\/32"}],"wp:attachment":[{"href":"https:\/\/apogej.tech\/index.php\/wp-json\/wp\/v2\/media?parent=28"}],"curies":[{"name":"wp","href":"https:\/\/api.w.org\/{rel}","templated":true}]}}